{"id":8355,"date":"2019-07-17T07:29:54","date_gmt":"2019-07-17T07:29:54","guid":{"rendered":"https:\/\/wpbingosite.com\/wordpress\/hourty\/?page_id=8355"},"modified":"2021-12-22T22:47:10","modified_gmt":"2021-12-22T21:47:10","slug":"coming-soon","status":"publish","type":"page","link":"https:\/\/bwbnieruchomosci.pl\/","title":{"rendered":"Coming soon"},"content":{"rendered":"\t\t<div data-elementor-type=\"wp-post\" data-elementor-id=\"8355\" class=\"elementor elementor-8355\" data-elementor-settings=\"[]\">\n\t\t\t\t\t\t\t<div class=\"elementor-section-wrap\">\n\t\t\t\t\t\t\t<section class=\"elementor-section elementor-top-section elementor-element elementor-element-b4ae7c1 elementor-section-full_width elementor-section-content-middle elementor-section-height-default elementor-section-height-default\" data-id=\"b4ae7c1\" data-element_type=\"section\" data-settings=\"{&quot;background_background&quot;:&quot;classic&quot;}\">\n\t\t\t\t\t\t<div class=\"elementor-container elementor-column-gap-default\">\n\t\t\t\t\t<div class=\"elementor-column elementor-col-50 elementor-top-column elementor-element elementor-element-7cbe5cc wpb-col-sm-100\" data-id=\"7cbe5cc\" data-element_type=\"column\">\n\t\t\t<div class=\"elementor-widget-wrap elementor-element-populated\">\n\t\t\t\t\t\t\t\t<div class=\"elementor-element elementor-element-ee79967 elementor-widget elementor-widget-bwp_image\" data-id=\"ee79967\" data-element_type=\"widget\" data-widget_type=\"bwp_image.default\">\n\t\t\t\t<div class=\"elementor-widget-container\">\n\t\t\t<div class=\"bwp-widget-banner default\">\r\n\t\t\r\n\t<div class=\"bg-banner\">\t\t\r\n\t\t<div class=\"banner-wrapper banners\">\r\n\t\t\t<div class=\"bwp-image\">\r\n\t\t\t\t\t\t\t\t<a href=\"#\">\r\n\t\t\t\t\t\t<img decoding=\"async\" src=\"http:\/\/bwbnieruchomosci.pl\/wp-content\/uploads\/2021\/12\/GryczanaPDF_Strona_1-e1640209601527.jpg\" alt=\"\"><\/a>\r\n\t\t\t\t\t\t\t<\/div>\r\n\t\t\t<div class=\"banner-wrapper-infor\">\r\n\t\t\t\t\t\t\t\t\t\t\t<\/div>\r\n\t\t<\/div>\r\n\t<\/div>\r\n\t<\/div>\r\n\t\t<\/div>\n\t\t\t\t<\/div>\n\t\t\t\t\t<\/div>\n\t\t<\/div>\n\t\t\t\t<div class=\"elementor-column elementor-col-50 elementor-top-column elementor-element elementor-element-a4d00d3 wpb-col-sm-100\" data-id=\"a4d00d3\" data-element_type=\"column\">\n\t\t\t<div class=\"elementor-widget-wrap elementor-element-populated\">\n\t\t\t\t\t\t\t\t<section class=\"elementor-section elementor-inner-section elementor-element elementor-element-c37df87 elementor-section-boxed elementor-section-height-default elementor-section-height-default\" data-id=\"c37df87\" data-element_type=\"section\">\n\t\t\t\t\t\t<div class=\"elementor-container elementor-column-gap-default\">\n\t\t\t\t\t<div class=\"elementor-column elementor-col-100 elementor-inner-column elementor-element elementor-element-40f4e25\" data-id=\"40f4e25\" data-element_type=\"column\">\n\t\t\t<div class=\"elementor-widget-wrap elementor-element-populated\">\n\t\t\t\t\t\t\t\t<div class=\"elementor-element elementor-element-045fc0d title-contact elementor-invisible elementor-widget elementor-widget-heading\" data-id=\"045fc0d\" data-element_type=\"widget\" data-settings=\"{&quot;_animation&quot;:&quot;fadeInRight&quot;,&quot;_animation_delay&quot;:100}\" data-widget_type=\"heading.default\">\n\t\t\t\t<div class=\"elementor-widget-container\">\n\t\t\t<style>\/*! elementor - v3.5.1 - 20-12-2021 *\/\n.elementor-heading-title{padding:0;margin:0;line-height:1}.elementor-widget-heading .elementor-heading-title[class*=elementor-size-]>a{color:inherit;font-size:inherit;line-height:inherit}.elementor-widget-heading .elementor-heading-title.elementor-size-small{font-size:15px}.elementor-widget-heading .elementor-heading-title.elementor-size-medium{font-size:19px}.elementor-widget-heading .elementor-heading-title.elementor-size-large{font-size:29px}.elementor-widget-heading .elementor-heading-title.elementor-size-xl{font-size:39px}.elementor-widget-heading .elementor-heading-title.elementor-size-xxl{font-size:59px}<\/style><h2 class=\"elementor-heading-title elementor-size-default\"><span style=\"font-weight: 500; color: rgb(237, 203, 155); font-family: var( --e-global-typography-primary-font-family ), Sans-serif;\">Pracujemy nad czym\u015b niezwyk\u0142ym,<\/span> wkr\u00f3tce zawarto\u015b\u0107 strony b\u0119dzie dost\u0119pna.<\/h2>\t\t<\/div>\n\t\t\t\t<\/div>\n\t\t\t\t<div class=\"elementor-element elementor-element-3dd2233 elementor-invisible elementor-widget elementor-widget-bwp_coutdown\" data-id=\"3dd2233\" data-element_type=\"widget\" data-settings=\"{&quot;_animation&quot;:&quot;fadeInRight&quot;,&quot;_animation_delay&quot;:200}\" data-widget_type=\"bwp_coutdown.default\">\n\t\t\t\t<div class=\"elementor-widget-container\">\n\t\t\t<div class=\"bwp-coutdown default\">\r\n\t\t\t\t\t<div class=\"countdown-deal\">\r\n\t\t\t\t\t\t<div class=\"product-countdown\"  \r\n\t\t\t\tdata-day=\"Days\"\r\n\t\t\t\tdata-hour=\"Hours\"\r\n\t\t\t\tdata-min=\"Mins\"\r\n\t\t\t\tdata-sec=\"Secs\"\t\r\n\t\t\t\tdata-date=\"1640988000\"  \r\n\t\t\t\tdata-sttime=\"1776949467\" \r\n\t\t\t\tdata-cdtime=\"1640995200\" \r\n\t\t\t\tdata-id=\"\">\r\n\t\t\t<\/div>\r\n\t\t<\/div>\r\n\t<\/div><!-- .bwp-coutdown -->\t\t<\/div>\n\t\t\t\t<\/div>\n\t\t\t\t<div class=\"elementor-element elementor-element-512af73 elementor-invisible elementor-widget elementor-widget-shortcode\" data-id=\"512af73\" data-element_type=\"widget\" data-settings=\"{&quot;_animation&quot;:&quot;fadeInRight&quot;}\" data-widget_type=\"shortcode.default\">\n\t\t\t\t<div class=\"elementor-widget-container\">\n\t\t\t\t\t<div class=\"elementor-shortcode\"><\/div>\n\t\t\t\t<\/div>\n\t\t\t\t<\/div>\n\t\t\t\t<div class=\"elementor-element elementor-element-ebcb2e3 elementor-invisible elementor-widget elementor-widget-text-editor\" data-id=\"ebcb2e3\" data-element_type=\"widget\" data-settings=\"{&quot;_animation&quot;:&quot;fadeInRight&quot;,&quot;_animation_delay&quot;:400}\" data-widget_type=\"text-editor.default\">\n\t\t\t\t<div class=\"elementor-widget-container\">\n\t\t\t<style>\/*! elementor - v3.5.1 - 20-12-2021 *\/\n.elementor-widget-text-editor.elementor-drop-cap-view-stacked .elementor-drop-cap{background-color:#818a91;color:#fff}.elementor-widget-text-editor.elementor-drop-cap-view-framed .elementor-drop-cap{color:#818a91;border:3px solid;background-color:transparent}.elementor-widget-text-editor:not(.elementor-drop-cap-view-default) .elementor-drop-cap{margin-top:8px}.elementor-widget-text-editor:not(.elementor-drop-cap-view-default) .elementor-drop-cap-letter{width:1em;height:1em}.elementor-widget-text-editor .elementor-drop-cap{float:left;text-align:center;line-height:1;font-size:50px}.elementor-widget-text-editor .elementor-drop-cap-letter{display:inline-block}<\/style>\t\t\t\t\t\t\t\t\t\t<\/div>\n\t\t\t\t<\/div>\n\t\t\t\t<div class=\"elementor-element elementor-element-472c790 elementor-widget elementor-widget-shortcode\" data-id=\"472c790\" data-element_type=\"widget\" data-settings=\"{&quot;_animation&quot;:&quot;none&quot;,&quot;_animation_delay&quot;:300}\" data-widget_type=\"shortcode.default\">\n\t\t\t\t<div class=\"elementor-widget-container\">\n\t\t\t\t\t<div class=\"elementor-shortcode\"><\/div>\n\t\t\t\t<\/div>\n\t\t\t\t<\/div>\n\t\t\t\t\t<\/div>\n\t\t<\/div>\n\t\t\t\t\t\t\t<\/div>\n\t\t<\/section>\n\t\t\t\t\t<\/div>\n\t\t<\/div>\n\t\t\t\t\t\t\t<\/div>\n\t\t<\/section>\n\t\t\t\t\t\t<\/div>\n\t\t\t\t\t<\/div>\n\t\t","protected":false},"excerpt":{"rendered":"<p>Pracujemy nad czym\u015b niezwyk\u0142ym, wkr\u00f3tce zawarto\u015b\u0107 strony b\u0119dzie dost\u0119pna.<\/p>\n","protected":false},"author":1,"featured_media":0,"parent":0,"menu_order":0,"comment_status":"closed","ping_status":"closed","template":"page-templates\/coming-soon.php","meta":{"footnotes":""},"class_list":["post-8355","page","type-page","status-publish","hentry"],"_links":{"self":[{"href":"https:\/\/bwbnieruchomosci.pl\/index.php\/wp-json\/wp\/v2\/pages\/8355","targetHints":{"allow":["GET"]}}],"collection":[{"href":"https:\/\/bwbnieruchomosci.pl\/index.php\/wp-json\/wp\/v2\/pages"}],"about":[{"href":"https:\/\/bwbnieruchomosci.pl\/index.php\/wp-json\/wp\/v2\/types\/page"}],"author":[{"embeddable":true,"href":"https:\/\/bwbnieruchomosci.pl\/index.php\/wp-json\/wp\/v2\/users\/1"}],"replies":[{"embeddable":true,"href":"https:\/\/bwbnieruchomosci.pl\/index.php\/wp-json\/wp\/v2\/comments?post=8355"}],"version-history":[{"count":18,"href":"https:\/\/bwbnieruchomosci.pl\/index.php\/wp-json\/wp\/v2\/pages\/8355\/revisions"}],"predecessor-version":[{"id":10249,"href":"https:\/\/bwbnieruchomosci.pl\/index.php\/wp-json\/wp\/v2\/pages\/8355\/revisions\/10249"}],"wp:attachment":[{"href":"https:\/\/bwbnieruchomosci.pl\/index.php\/wp-json\/wp\/v2\/media?parent=8355"}],"curies":[{"name":"wp","href":"https:\/\/api.w.org\/{rel}","templated":true}]}}